{"id":227,"date":"2024-06-06T11:14:34","date_gmt":"2024-06-06T11:14:34","guid":{"rendered":"https:\/\/bsr-steinreinigung.de\/?page_id=227"},"modified":"2025-01-09T10:40:32","modified_gmt":"2025-01-09T10:40:32","slug":"agb","status":"publish","type":"page","link":"https:\/\/bsr-steinreinigung.de\/index.php\/agb\/","title":{"rendered":"AGB"},"content":{"rendered":"\t\t<div data-elementor-type=\"wp-page\" data-elementor-id=\"227\" class=\"elementor elementor-227\">\n\t\t\t\t<div class=\"elementor-element elementor-element-13a1bc5f e-flex e-con-boxed e-con e-parent\" data-id=\"13a1bc5f\" data-element_type=\"container\" data-e-type=\"container\" data-settings=\"{&quot;background_background&quot;:&quot;classic&quot;,&quot;position&quot;:&quot;fixed&quot;}\">\n\t\t\t\t\t<div class=\"e-con-inner\">\n\t\t\t\t<div class=\"elementor-element elementor-element-2cc4e46c elementor-widget elementor-widget-image\" data-id=\"2cc4e46c\" data-element_type=\"widget\" data-e-type=\"widget\" data-widget_type=\"image.default\">\n\t\t\t\t<div class=\"elementor-widget-container\">\n\t\t\t\t\t\t\t\t\t\t\t\t\t\t\t\t<a href=\"https:\/\/bsr-steinreinigung.de\/\">\n\t\t\t\t\t\t\t<img decoding=\"async\" width=\"300\" height=\"57\" src=\"https:\/\/bsr-steinreinigung.de\/wp-content\/uploads\/2024\/06\/LogoBSR2-300x57.png\" class=\"attachment-medium size-medium wp-image-152\" alt=\"\" srcset=\"https:\/\/bsr-steinreinigung.de\/wp-content\/uploads\/2024\/06\/LogoBSR2-300x57.png 300w, https:\/\/bsr-steinreinigung.de\/wp-content\/uploads\/2024\/06\/LogoBSR2.png 661w\" sizes=\"(max-width: 300px) 100vw, 300px\" \/>\t\t\t\t\t\t\t\t<\/a>\n\t\t\t\t\t\t\t\t\t\t\t\t\t\t\t<\/div>\n\t\t\t\t<\/div>\n\t\t\t\t<div class=\"elementor-element elementor-element-737d9f73 elementor-align-right elementor-widget__width-inherit elementor-widget elementor-widget-button\" data-id=\"737d9f73\" data-element_type=\"widget\" data-e-type=\"widget\" data-widget_type=\"button.default\">\n\t\t\t\t<div class=\"elementor-widget-container\">\n\t\t\t\t\t\t\t\t\t<div class=\"elementor-button-wrapper\">\n\t\t\t\t\t<a class=\"elementor-button elementor-button-link elementor-size-sm\" href=\"https:\/\/bsr-steinreinigung.de\/index.php\/kontakt\/\">\n\t\t\t\t\t\t<span class=\"elementor-button-content-wrapper\">\n\t\t\t\t\t\t\t\t\t<span class=\"elementor-button-text\">Kontakt<\/span>\n\t\t\t\t\t<\/span>\n\t\t\t\t\t<\/a>\n\t\t\t\t<\/div>\n\t\t\t\t\t\t\t\t<\/div>\n\t\t\t\t<\/div>\n\t\t\t\t\t<\/div>\n\t\t\t\t<\/div>\n\t\t<div class=\"elementor-element elementor-element-44a8504 e-flex e-con-boxed e-con e-parent\" data-id=\"44a8504\" data-element_type=\"container\" data-e-type=\"container\">\n\t\t\t\t\t<div class=\"e-con-inner\">\n\t\t\t\t<div class=\"elementor-element elementor-element-2f1b014 elementor-widget elementor-widget-heading\" data-id=\"2f1b014\" data-element_type=\"widget\" data-e-type=\"widget\" data-widget_type=\"heading.default\">\n\t\t\t\t<div class=\"elementor-widget-container\">\n\t\t\t\t\t<h2 class=\"elementor-heading-title elementor-size-default\">Allgemeine Gesch\u00e4ftsbedingungen mit Kundeninformationen<\/h2>\t\t\t\t<\/div>\n\t\t\t\t<\/div>\n\t\t\t\t\t<\/div>\n\t\t\t\t<\/div>\n\t\t<div class=\"elementor-element elementor-element-9c6f716 e-flex e-con-boxed e-con e-parent\" data-id=\"9c6f716\" data-element_type=\"container\" data-e-type=\"container\">\n\t\t\t\t\t<div class=\"e-con-inner\">\n\t\t\t\t<div class=\"elementor-element elementor-element-2572b57 elementor-widget elementor-widget-text-editor\" data-id=\"2572b57\" data-element_type=\"widget\" data-e-type=\"widget\" data-widget_type=\"text-editor.default\">\n\t\t\t\t<div class=\"elementor-widget-container\">\n\t\t\t\t\t\t\t\t\t<p>\u2013\u2013\u2013\u2013\u2013\u2013\u2013\u2013\u2013\u2013\u2013\u2013\u2013\u2013\u2013\u2013\u2013\u2013<\/p><p><strong>Inhaltsverzeichnis<\/strong><\/p><p>\u2013\u2013\u2013\u2013\u2013\u2013\u2013\u2013\u2013\u2013\u2013\u2013\u2013\u2013\u2013\u2013\u2013\u2013<\/p><p>1. Geltungsbereich<\/p><p>2. Vertragsschluss<\/p><p>3. Widerrufsrecht<\/p><p>4. Stornierung von Terminvereinbarungen<\/p><p>5. Preise und Zahlungsbedingungen<\/p><p>6. M\u00e4ngelhaftung<\/p><p>7. Anwendbares Recht<\/p><p>8. Alternative Streitbeilegung<\/p><p>\u2013\u2013\u2013\u2013\u2013\u2013\u2013\u2013\u2013\u2013\u2013\u2013\u2013\u2013\u2013\u2013\u2013\u2013\u2013\u2013\u2013\u2013\u2013\u2013\u2013\u2013\u2013\u2013\u2013\u2013\u2013\u2013\u2013\u2013\u2013\u2013\u2013\u2013\u2013\u2013\u2013\u2013\u2013\u2013\u2013\u2013\u2013\u2013\u2013\u2013\u2013\u2013\u2013\u2013\u2013<\/p><p>1) Geltungsbereich<\/p><p>1.1 Diese Allgemeinen Gesch\u00e4ftsbedingungen (nachfolgend &#8222;AGB&#8220;) des Waldemar Beyerle, handelnd unter &#8222;BSR Steinreinigung&#8220; (nachfolgend &#8222;Anbieter&#8220;), gelten f\u00fcr alle Vertr\u00e4ge zur Erbringung von Dienstleistungen, die ein Verbraucher oder Unternehmer (nachfolgend \u201eKunde\u201c) mit dem Anbieter hinsichtlich der vom Anbieter auf seiner Website dargestellten Leistungen abschlie\u00dft. Hiermit wird der Einbeziehung von eigenen Bedingungen des Kunden widersprochen, es sei denn, es ist etwas anderes vereinbart.<\/p><p>1.2 Verbraucher im Sinne dieser AGB ist jede nat\u00fcrliche Person, die ein Rechtsgesch\u00e4ft zu Zwecken abschlie\u00dft, die \u00fcberwiegend weder ihrer gewerblichen noch ihrer selbst\u00e4ndigen beruflichen T\u00e4tigkeit zugerechnet werden k\u00f6nnen. Unternehmer im Sinne dieser AGB ist eine nat\u00fcrliche oder juristische Person oder eine rechtsf\u00e4hige Personengesellschaft, die bei Abschluss eines Rechtsgesch\u00e4fts in Aus\u00fcbung ihrer gewerblichen oder selbst\u00e4ndigen beruflichen T\u00e4tigkeit handelt.<\/p><p>2) Vertragsschluss<\/p><p>Der Kunde kann per Telefon, Fax, E-Mail, Brief oder \u00fcber das auf der Website des Anbieters vorgehaltene Online-Kontaktformular eine unverbindliche Anfrage auf Abgabe eines Angebots an den Anbieter richten. Der Anbieter l\u00e4sst dem Kunden auf dessen Anfrage hin per E-Mail, Fax oder Brief, ein verbindliches Angebot zur Erbringung der vom Kunden zuvor ausgew\u00e4hlten Dienstleistung zukommen. Dieses Angebot kann der Kunde durch eine gegen\u00fcber dem Anbieter abzugebende Annahmeerkl\u00e4rung per Fax, E-Mail oder Brief oder durch Zahlung der vom Anbieter angebotenen Verg\u00fctung innerhalb von 7 (sieben) Tagen ab Zugang des Angebots annehmen, wobei f\u00fcr die Berechnung der Frist der Tag des Angebotszugangs nicht mitgerechnet wird. F\u00fcr die Annahme durch Zahlung ist der Tag des Zahlungseingangs beim Anbieter ma\u00dfgeblich. F\u00e4llt der letzte Tag der Frist zur Annahme des Angebots auf einen Samstag, Sonntag, oder einen am Sitz des Kunden staatlich anerkannten allgemeinen Feiertag, so tritt an die Stelle eines solchen Tages der n\u00e4chste Werktag. Nimmt der Kunde das Angebot des Anbieters innerhalb der vorgenannten Frist nicht an, so ist der Anbieter nicht mehr an sein Angebot gebunden. Hierauf wird der Anbieter den Kunden in seinem Angebot nochmals besonders hinweisen.<\/p><p>3) Widerrufsrecht<\/p><p>Verbrauchern steht grunds\u00e4tzlich ein Widerrufsrecht zu. N\u00e4here Informationen zum Widerrufsrecht ergeben sich aus der Widerrufsbelehrung des Anbieters.<\/p><p>4) Stornierung von Terminvereinbarungen<\/p><p>4.1 Unabh\u00e4ngig von einem ggf. bestehenden gesetzlichen Widerrufsrecht r\u00e4umt der Anbieter dem Kunden das Recht ein, seine Terminvereinbarung f\u00fcr eine Leistung des Anbieters nach folgender Ma\u00dfgabe kostenfrei zu stornieren (vertragliches R\u00fccktrittsrecht):<\/p><p>4.2 Der Kunde kann seine Terminvereinbarung bis zu 4 Tage vor Beginn der gebuchten Leistung ohne Angabe von Gr\u00fcnden durch eine gegen\u00fcber dem Anbieter in Textform (z. B. E-Mail) abzugebende Erkl\u00e4rung stornieren. F\u00fcr die Einhaltung der Stornierungsfrist ist der Zugang der Erkl\u00e4rung beim Anbieter ma\u00dfgeblich. Storniert der Kunde seine Terminvereinbarung fristgerecht, so wird der Anbieter ihm ein ggf. bereits gezahltes Entgelt innerhalb einer Frist von zwei Wochen ab Zugang seiner Erkl\u00e4rung vollst\u00e4ndig zur\u00fcckerstatten. Hierf\u00fcr kann der Anbieter das gleiche Zahlungsmittel verwenden, welches der Kunde f\u00fcr seine Zahlung an den Anbieter verwendet hat.<\/p><p>4.3 Ein ggf. bestehendes gesetzliches Widerrufsrecht des Kunden wird durch das vorstehend geregelte R\u00fccktrittsrecht nicht eingeschr\u00e4nkt.<\/p><p>5) Preise und Zahlungsbedingungen<\/p><p>Sofern sich aus der Leistungsbeschreibung des Anbieters nichts anderes ergibt, handelt es sich bei den angegebenen Preisen um Gesamtpreise. Umsatzsteuer wird nicht ausgewiesen, da der Anbieter Kleinunternehmer im Sinne des \u00a7 19 Abs. 1 UStG ist.<\/p><p>6) M\u00e4ngelhaftung<\/p><p>F\u00fcr M\u00e4ngel der erbrachten Leistung haftet der Anbieter nach den Vorschriften der gesetzlichen M\u00e4ngelhaftung.<\/p><p>7) Anwendbares Recht<\/p><p>7.1 F\u00fcr s\u00e4mtliche Rechtsbeziehungen der Parteien gilt das Recht der Bundesrepublik Deutschland unter Ausschluss der Gesetze \u00fcber den internationalen Kauf beweglicher Waren. Bei Verbrauchern gilt diese Rechtswahl nur insoweit, als nicht der gew\u00e4hrte Schutz durch zwingende Bestimmungen des Rechts des Staates, in dem der Verbraucher seinen gew\u00f6hnlichen Aufenthalt hat, entzogen wird.<\/p><p>7.2 Ferner gilt diese Rechtswahl im Hinblick auf das gesetzliche Widerrufsrecht nicht bei Verbrauchern, die zum Zeitpunkt des Vertragsschlusses keinem Mitgliedstaat der Europ\u00e4ischen Union angeh\u00f6ren und deren alleiniger Wohnsitz und Lieferadresse zum Zeitpunkt des Vertragsschlusses au\u00dferhalb der Europ\u00e4ischen Union liegen.<\/p><p>8) Alternative Streitbeilegung<\/p><p>8.1 Die EU-Kommission stellt im Internet unter folgendem Link eine Plattform zur Online-Streitbeilegung bereit:\u00a0<a href=\"https:\/\/ec.europa.eu\/consumers\/odr\">https:\/\/ec.europa.eu\/consumers\/odr<\/a><\/p><p>Diese Plattform dient als Anlaufstelle zur au\u00dfergerichtlichen Beilegung von Streitigkeiten aus Online-Kauf- oder Dienstleistungsvertr\u00e4gen, an denen ein Verbraucher beteiligt ist.<\/p><p>8.2 Der Anbieter ist zur Teilnahme an einem Streitbeilegungsverfahren vor einer Verbraucherschlichtungsstelle weder verpflichtet noch bereit.<\/p><p>\u00a0<\/p>\t\t\t\t\t\t\t\t<\/div>\n\t\t\t\t<\/div>\n\t\t\t\t\t<\/div>\n\t\t\t\t<\/div>\n\t\t<div class=\"elementor-element elementor-element-40db7933 e-flex e-con-boxed e-con e-parent\" data-id=\"40db7933\" data-element_type=\"container\" data-e-type=\"container\" data-settings=\"{&quot;background_background&quot;:&quot;classic&quot;,&quot;position&quot;:&quot;fixed&quot;}\">\n\t\t\t\t\t<div class=\"e-con-inner\">\n\t\t\t\t<div class=\"elementor-element elementor-element-25497c7d elementor-widget elementor-widget-heading\" data-id=\"25497c7d\" data-element_type=\"widget\" data-e-type=\"widget\" data-widget_type=\"heading.default\">\n\t\t\t\t<div class=\"elementor-widget-container\">\n\t\t\t\t\t<p class=\"elementor-heading-title elementor-size-default\">\u00a9 All Rights Reserved.<\/p>\t\t\t\t<\/div>\n\t\t\t\t<\/div>\n\t\t\t\t<div class=\"elementor-element elementor-element-6d5f8b3c elementor-widget elementor-widget-heading\" data-id=\"6d5f8b3c\" data-element_type=\"widget\" data-e-type=\"widget\" data-widget_type=\"heading.default\">\n\t\t\t\t<div class=\"elementor-widget-container\">\n\t\t\t\t\t<p class=\"elementor-heading-title elementor-size-default\"><a href=\"https:\/\/bsr-steinreinigung.de\/index.php\/agb\/\">AGB<\/a><\/p>\t\t\t\t<\/div>\n\t\t\t\t<\/div>\n\t\t\t\t<div class=\"elementor-element elementor-element-7c7db601 elementor-widget elementor-widget-heading\" data-id=\"7c7db601\" data-element_type=\"widget\" data-e-type=\"widget\" data-widget_type=\"heading.default\">\n\t\t\t\t<div class=\"elementor-widget-container\">\n\t\t\t\t\t<p class=\"elementor-heading-title elementor-size-default\"><a href=\"https:\/\/bsr-steinreinigung.de\/index.php\/impressum\/\">Impressum<\/a><\/p>\t\t\t\t<\/div>\n\t\t\t\t<\/div>\n\t\t\t\t<div class=\"elementor-element elementor-element-1b6fca6c elementor-widget elementor-widget-heading\" data-id=\"1b6fca6c\" data-element_type=\"widget\" data-e-type=\"widget\" data-widget_type=\"heading.default\">\n\t\t\t\t<div class=\"elementor-widget-container\">\n\t\t\t\t\t<p class=\"elementor-heading-title elementor-size-default\"><a href=\"https:\/\/bsr-steinreinigung.de\/index.php\/datenschutz\/\">Datenschutz<\/a><\/p>\t\t\t\t<\/div>\n\t\t\t\t<\/div>\n\t\t\t\t\t<\/div>\n\t\t\t\t<\/div>\n\t\t\t\t<\/div>\n\t\t","protected":false},"excerpt":{"rendered":"<p>Kontakt Allgemeine Gesch\u00e4ftsbedingungen mit Kundeninformationen \u2013\u2013\u2013\u2013\u2013\u2013\u2013\u2013\u2013\u2013\u2013\u2013\u2013\u2013\u2013\u2013\u2013\u2013 Inhaltsverzeichnis \u2013\u2013\u2013\u2013\u2013\u2013\u2013\u2013\u2013\u2013\u2013\u2013\u2013\u2013\u2013\u2013\u2013\u2013 1. Geltungsbereich 2. Vertragsschluss 3. Widerrufsrecht 4. Stornierung von Terminvereinbarungen 5. Preise und Zahlungsbedingungen 6. M\u00e4ngelhaftung 7. Anwendbares Recht 8. Alternative Streitbeilegung \u2013\u2013\u2013\u2013\u2013\u2013\u2013\u2013\u2013\u2013\u2013\u2013\u2013\u2013\u2013\u2013\u2013\u2013\u2013\u2013\u2013\u2013\u2013\u2013\u2013\u2013\u2013\u2013\u2013\u2013\u2013\u2013\u2013\u2013\u2013\u2013\u2013\u2013\u2013\u2013\u2013\u2013\u2013\u2013\u2013\u2013\u2013\u2013\u2013\u2013\u2013\u2013\u2013\u2013\u2013 1) Geltungsbereich 1.1 Diese Allgemeinen Gesch\u00e4ftsbedingungen (nachfolgend &#8222;AGB&#8220;) des Waldemar Beyerle, handelnd unter &#8222;BSR Steinreinigung&#8220; (nachfolgend &#8222;Anbieter&#8220;), gelten f\u00fcr alle Vertr\u00e4ge zur Erbringung von [&hellip;]<\/p>\n","protected":false},"author":1,"featured_media":0,"parent":0,"menu_order":0,"comment_status":"closed","ping_status":"closed","template":"elementor_canvas","meta":{"footnotes":""},"class_list":["post-227","page","type-page","status-publish","hentry"],"_links":{"self":[{"href":"https:\/\/bsr-steinreinigung.de\/index.php\/wp-json\/wp\/v2\/pages\/227","targetHints":{"allow":["GET"]}}],"collection":[{"href":"https:\/\/bsr-steinreinigung.de\/index.php\/wp-json\/wp\/v2\/pages"}],"about":[{"href":"https:\/\/bsr-steinreinigung.de\/index.php\/wp-json\/wp\/v2\/types\/page"}],"author":[{"embeddable":true,"href":"https:\/\/bsr-steinreinigung.de\/index.php\/wp-json\/wp\/v2\/users\/1"}],"replies":[{"embeddable":true,"href":"https:\/\/bsr-steinreinigung.de\/index.php\/wp-json\/wp\/v2\/comments?post=227"}],"version-history":[{"count":10,"href":"https:\/\/bsr-steinreinigung.de\/index.php\/wp-json\/wp\/v2\/pages\/227\/revisions"}],"predecessor-version":[{"id":416,"href":"https:\/\/bsr-steinreinigung.de\/index.php\/wp-json\/wp\/v2\/pages\/227\/revisions\/416"}],"wp:attachment":[{"href":"https:\/\/bsr-steinreinigung.de\/index.php\/wp-json\/wp\/v2\/media?parent=227"}],"curies":[{"name":"wp","href":"https:\/\/api.w.org\/{rel}","templated":true}]}}